{"id":20907,"date":"2026-01-12T13:04:48","date_gmt":"2026-01-12T12:04:48","guid":{"rendered":"https:\/\/hotelcesaraugustus.augustushotels.es\/zimmer\/"},"modified":"2026-02-26T14:35:17","modified_gmt":"2026-02-26T13:35:17","slug":"zimmer","status":"publish","type":"page","link":"https:\/\/hotelcesaraugustus.augustushotels.es\/de\/zimmer\/","title":{"rendered":"Zimmer"},"content":{"rendered":"\t\t<div data-elementor-type=\"wp-page\" data-elementor-id=\"20907\" class=\"elementor elementor-20907 elementor-14207\" data-elementor-post-type=\"page\">\n\t\t\t\t<div class=\"elementor-element elementor-element-f843fa8 cs-section-content-fullwidth cs_scroll_y_120 cs-parallax-on-scroll e-flex e-con-boxed e-con e-parent\" data-id=\"f843fa8\" data-element_type=\"container\" data-e-type=\"container\" data-settings=\"{&quot;background_background&quot;:&quot;classic&quot;}\" data-cs-parallax-y=\"120\" style=\"background-image: none;\" data-cs-background-image=\"https:\/\/hotelcesaraugustus.augustushotels.es\/wp-content\/uploads\/sites\/9\/2026\/02\/cesar-augustus-chambre.webp\">\n\t\t\t\t\t<div class=\"e-con-inner\">\n\t\t\t\t<div class=\"elementor-element elementor-element-1f527e8 elementor-widget elementor-widget-heading\" data-id=\"1f527e8\" data-element_type=\"widget\" data-e-type=\"widget\" data-widget_type=\"heading.default\">\n\t\t\t\t\t<h1 class=\"elementor-heading-title elementor-size-default\">Zimmer<\/h1>\t\t\t\t<\/div>\n\t\t\t\t\t<\/div>\n\t\t\t\t<\/div>\n\t\t<div class=\"elementor-element elementor-element-13b7c48 e-flex e-con-boxed e-con e-parent\" data-id=\"13b7c48\" data-element_type=\"container\" data-e-type=\"container\">\n\t\t\t\t\t<div class=\"e-con-inner\">\n\t\t\t\t<div class=\"elementor-element elementor-element-9c7913f elementor-widget elementor-widget-cs_title\" data-id=\"9c7913f\" data-element_type=\"widget\" data-e-type=\"widget\" data-widget_type=\"cs_title.default\">\n\t\t\t\t<div class=\"elementor-widget-container\">\n\t\t\t\t\t\n        <div class=\"cs-title-wrap text-center\">\t            <div class=\"cs-subtitle-wrap\"><span class=\"cs-subtitle\">HOTEL C\u00c9SAR AUGUSTUS<\/span><\/div>\t            <h2 class=\"cs-title\">\n\t                Unsere Zimmer\t            <\/h2>\t            <div class=\"cs-title-text\">\n\t                <p>Das Hotel verf\u00fcgt \u00fcber 320 gem\u00fctliche Au\u00dfenzimmer f\u00fcr 1, 2, 3, 4 und jetzt auch unsere neuen Zimmer f\u00fcr 5 Personen, ideal f\u00fcr gro\u00dfe Familien, mit allen Details und Annehmlichkeiten, die Sie f\u00fcr einen erholsamen Aufenthalt ben\u00f6tigen.<\/p>\t            <\/div>        <\/div>\t\t\t\t<\/div>\n\t\t\t\t<\/div>\n\t\t\t\t\t<\/div>\n\t\t\t\t<\/div>\n\t\t<div class=\"elementor-element elementor-element-6c31a96 e-flex e-con-boxed e-con e-parent\" data-id=\"6c31a96\" data-element_type=\"container\" data-e-type=\"container\">\n\t\t\t\t\t<div class=\"e-con-inner\">\n\t\t\t\t<div class=\"elementor-element elementor-element-2ad9355 elementor-posts--align-left elementor-grid-2 elementor-grid-tablet-2 elementor-grid-mobile-1 elementor-posts--thumbnail-top elementor-posts__hover-gradient elementor-widget elementor-widget-posts\" data-id=\"2ad9355\" data-element_type=\"widget\" data-e-type=\"widget\" data-settings=\"{&quot;cards_columns&quot;:&quot;2&quot;,&quot;cards_masonry&quot;:&quot;yes&quot;,&quot;cards_columns_tablet&quot;:&quot;2&quot;,&quot;cards_columns_mobile&quot;:&quot;1&quot;,&quot;cards_row_gap&quot;:{&quot;unit&quot;:&quot;px&quot;,&quot;size&quot;:35,&quot;sizes&quot;:[]},&quot;cards_row_gap_laptop&quot;:{&quot;unit&quot;:&quot;px&quot;,&quot;size&quot;:&quot;&quot;,&quot;sizes&quot;:[]},&quot;cards_row_gap_tablet&quot;:{&quot;unit&quot;:&quot;px&quot;,&quot;size&quot;:&quot;&quot;,&quot;sizes&quot;:[]},&quot;cards_row_gap_mobile&quot;:{&quot;unit&quot;:&quot;px&quot;,&quot;size&quot;:&quot;&quot;,&quot;sizes&quot;:[]}}\" data-widget_type=\"posts.cards\">\n\t\t\t\t<div class=\"elementor-widget-container\">\n\t\t\t\t\t\t\t<div class=\"elementor-posts-container elementor-posts elementor-posts--skin-cards elementor-grid\" role=\"list\">\n\t\t\t\t<article class=\"elementor-post elementor-grid-item post-20943 loftocean_room type-loftocean_room status-publish has-post-thumbnail hentry\" role=\"listitem\">\n\t\t\t<div class=\"elementor-post__card\">\n\t\t\t\t<a class=\"elementor-post__thumbnail__link\" href=\"https:\/\/hotelcesaraugustus.augustushotels.es\/de\/room\/familienzimmer\/\" tabindex=\"-1\" ><div class=\"elementor-post__thumbnail\"><img fetchpriority=\"high\" decoding=\"async\" width=\"1024\" height=\"666\" src=\"https:\/\/hotelcesaraugustus.augustushotels.es\/wp-content\/uploads\/sites\/9\/2026\/01\/habitacion-familiar-cesar-e1771842125688-1024x666.webp\" class=\"attachment-large size-large wp-image-20940\" alt=\"Familienzimmer cesar\" srcset=\"https:\/\/hotelcesaraugustus.augustushotels.es\/wp-content\/uploads\/sites\/9\/2026\/01\/habitacion-familiar-cesar-e1771842125688-1024x666.webp 1024w, https:\/\/hotelcesaraugustus.augustushotels.es\/wp-content\/uploads\/sites\/9\/2026\/01\/habitacion-familiar-cesar-e1771842125688-300x195.webp 300w, https:\/\/hotelcesaraugustus.augustushotels.es\/wp-content\/uploads\/sites\/9\/2026\/01\/habitacion-familiar-cesar-e1771842125688-768x499.webp 768w, https:\/\/hotelcesaraugustus.augustushotels.es\/wp-content\/uploads\/sites\/9\/2026\/01\/habitacion-familiar-cesar-e1771842125688-1536x998.webp 1536w, https:\/\/hotelcesaraugustus.augustushotels.es\/wp-content\/uploads\/sites\/9\/2026\/01\/habitacion-familiar-cesar-e1771842125688-1920x1248.webp 1920w, https:\/\/hotelcesaraugustus.augustushotels.es\/wp-content\/uploads\/sites\/9\/2026\/01\/habitacion-familiar-cesar-e1771842125688-1440x936.webp 1440w, https:\/\/hotelcesaraugustus.augustushotels.es\/wp-content\/uploads\/sites\/9\/2026\/01\/habitacion-familiar-cesar-e1771842125688-1200x780.webp 1200w, https:\/\/hotelcesaraugustus.augustushotels.es\/wp-content\/uploads\/sites\/9\/2026\/01\/habitacion-familiar-cesar-e1771842125688-780x507.webp 780w, https:\/\/hotelcesaraugustus.augustushotels.es\/wp-content\/uploads\/sites\/9\/2026\/01\/habitacion-familiar-cesar-e1771842125688-600x390.webp 600w, https:\/\/hotelcesaraugustus.augustushotels.es\/wp-content\/uploads\/sites\/9\/2026\/01\/habitacion-familiar-cesar-e1771842125688-550x358.webp 550w, https:\/\/hotelcesaraugustus.augustushotels.es\/wp-content\/uploads\/sites\/9\/2026\/01\/habitacion-familiar-cesar-e1771842125688-370x241.webp 370w, https:\/\/hotelcesaraugustus.augustushotels.es\/wp-content\/uploads\/sites\/9\/2026\/01\/habitacion-familiar-cesar-e1771842125688-255x166.webp 255w, https:\/\/hotelcesaraugustus.augustushotels.es\/wp-content\/uploads\/sites\/9\/2026\/01\/habitacion-familiar-cesar-e1771842125688.webp 2000w\" sizes=\"(max-width: 1024px) 100vw, 1024px\" \/><\/div><\/a>\n\t\t\t\t<div class=\"elementor-post__text\">\n\t\t\t\t<h2 class=\"elementor-post__title\">\n\t\t\t<a href=\"https:\/\/hotelcesaraugustus.augustushotels.es\/de\/room\/familienzimmer\/\" >\n\t\t\t\tFamilienzimmer\t\t\t<\/a>\n\t\t<\/h2>\n\t\t\n\t\t<a class=\"elementor-post__read-more\" href=\"https:\/\/hotelcesaraugustus.augustushotels.es\/de\/room\/familienzimmer\/\" aria-label=\"Read more about Familienzimmer\" tabindex=\"-1\" >\n\t\t\tM\u00e1s Informaci\u00f3n\t\t<\/a>\n\n\t\t\t\t<\/div>\n\t\t\t\t\t<\/div>\n\t\t<\/article>\n\t\t\t\t<article class=\"elementor-post elementor-grid-item post-20965 loftocean_room type-loftocean_room status-publish has-post-thumbnail hentry\" role=\"listitem\">\n\t\t\t<div class=\"elementor-post__card\">\n\t\t\t\t<a class=\"elementor-post__thumbnail__link\" href=\"https:\/\/hotelcesaraugustus.augustushotels.es\/de\/room\/standardzimmer\/\" tabindex=\"-1\" ><div class=\"elementor-post__thumbnail\"><img decoding=\"async\" width=\"1024\" height=\"660\" src=\"https:\/\/hotelcesaraugustus.augustushotels.es\/wp-content\/uploads\/sites\/9\/2026\/01\/Habitacion-estandar-cesar-1024x660.webp\" class=\"attachment-large size-large wp-image-20754\" alt=\"Standard-Zimmer Cesar\" srcset=\"https:\/\/hotelcesaraugustus.augustushotels.es\/wp-content\/uploads\/sites\/9\/2026\/01\/Habitacion-estandar-cesar-1024x660.webp 1024w, https:\/\/hotelcesaraugustus.augustushotels.es\/wp-content\/uploads\/sites\/9\/2026\/01\/Habitacion-estandar-cesar-300x194.webp 300w, https:\/\/hotelcesaraugustus.augustushotels.es\/wp-content\/uploads\/sites\/9\/2026\/01\/Habitacion-estandar-cesar-768x495.webp 768w, https:\/\/hotelcesaraugustus.augustushotels.es\/wp-content\/uploads\/sites\/9\/2026\/01\/Habitacion-estandar-cesar-1536x991.webp 1536w, https:\/\/hotelcesaraugustus.augustushotels.es\/wp-content\/uploads\/sites\/9\/2026\/01\/Habitacion-estandar-cesar-1920x1238.webp 1920w, https:\/\/hotelcesaraugustus.augustushotels.es\/wp-content\/uploads\/sites\/9\/2026\/01\/Habitacion-estandar-cesar-1440x929.webp 1440w, https:\/\/hotelcesaraugustus.augustushotels.es\/wp-content\/uploads\/sites\/9\/2026\/01\/Habitacion-estandar-cesar-1200x774.webp 1200w, https:\/\/hotelcesaraugustus.augustushotels.es\/wp-content\/uploads\/sites\/9\/2026\/01\/Habitacion-estandar-cesar-780x503.webp 780w, https:\/\/hotelcesaraugustus.augustushotels.es\/wp-content\/uploads\/sites\/9\/2026\/01\/Habitacion-estandar-cesar-600x387.webp 600w, https:\/\/hotelcesaraugustus.augustushotels.es\/wp-content\/uploads\/sites\/9\/2026\/01\/Habitacion-estandar-cesar-550x355.webp 550w, https:\/\/hotelcesaraugustus.augustushotels.es\/wp-content\/uploads\/sites\/9\/2026\/01\/Habitacion-estandar-cesar-370x239.webp 370w, https:\/\/hotelcesaraugustus.augustushotels.es\/wp-content\/uploads\/sites\/9\/2026\/01\/Habitacion-estandar-cesar-255x164.webp 255w, https:\/\/hotelcesaraugustus.augustushotels.es\/wp-content\/uploads\/sites\/9\/2026\/01\/Habitacion-estandar-cesar.webp 2000w\" sizes=\"(max-width: 1024px) 100vw, 1024px\" \/><\/div><\/a>\n\t\t\t\t<div class=\"elementor-post__text\">\n\t\t\t\t<h2 class=\"elementor-post__title\">\n\t\t\t<a href=\"https:\/\/hotelcesaraugustus.augustushotels.es\/de\/room\/standardzimmer\/\" >\n\t\t\t\tStandardzimmer\t\t\t<\/a>\n\t\t<\/h2>\n\t\t\n\t\t<a class=\"elementor-post__read-more\" href=\"https:\/\/hotelcesaraugustus.augustushotels.es\/de\/room\/standardzimmer\/\" aria-label=\"Read more about Standardzimmer\" tabindex=\"-1\" >\n\t\t\tM\u00e1s Informaci\u00f3n\t\t<\/a>\n\n\t\t\t\t<\/div>\n\t\t\t\t\t<\/div>\n\t\t<\/article>\n\t\t\t\t<\/div>\n\t\t\n\t\t\t\t\t\t<\/div>\n\t\t\t\t<\/div>\n\t\t\t\t\t<\/div>\n\t\t\t\t<\/div>\n\t\t\t\t<\/div>\n\t\t","protected":false},"excerpt":{"rendered":"<p>Zimmer HOTEL C\u00c9SAR AUGUSTUS Unsere Zimmer Das Hotel verf\u00fcgt \u00fcber 320 gem\u00fctliche Au\u00dfenzimmer f\u00fcr 1, 2, 3, 4 und jetzt auch unsere neuen Zimmer f\u00fcr &#8230;<\/p>\n","protected":false},"author":1,"featured_media":0,"parent":0,"menu_order":0,"comment_status":"closed","ping_status":"closed","template":"elementor_header_footer","meta":{"cozystay_single_page_hide_site_header":"","cozystay_single_page_site_header_source":"","cozystay_single_page_custom_site_header":"0","cozystay_single_page_custom_sticky_site_header":"0","cozystay_single_page_hide_page_title":"","cozystay_single_page_header_section_size":"","cozystay_single_page_header_background_color":"","cozystay_single_page_header_background_position_x":"center","cozystay_single_page_header_background_position_y":"center","cozystay_single_page_header_background_size":"cover","cozystay_single_page_header_background_repeat":"off","cozystay_single_page_header_background_scroll":"on","cozystay_single_page_header_text_color":"","cozystay_single_page_header_show_breadcrumb":"","cozystay_single_page_site_footer_hide_main":"","cozystay_single_custom_site_footer_main_source":"","cozystay_single_custom_site_footer_main":"0","cozystay_single_page_site_footer_hide_above":"","cozystay_single_custom_site_footer_above_source":"","cozystay_single_custom_site_footer_above":"0","cozystay_single_page_site_footer_hide_instagram":"","cozystay_single_page_site_footer_hide_bottom":"","cozystay_single_custom_mobile_menu_source":"","cozystay_single_custom_mobile_menu":"0","cozystay_single_custom_mobile_menu_animation":"","cozystay_single_custom_mobile_menu_width":"","cozystay_single_custom_mobile_menu_custom_width":375,"footnotes":""},"class_list":["post-20907","page","type-page","status-publish","hentry"],"yoast_head":"<!-- This site is optimized with the Yoast SEO plugin v27.3 - https:\/\/yoast.com\/product\/yoast-seo-wordpress\/ -->\n<title>Zimmer | Hotel C\u00e9sar Augustus<\/title>\n<meta name=\"description\" content=\"Entdecken Sie die Zimmer des Hotels C\u00e9sar Augustus in Cambrils. Wir verf\u00fcgen \u00fcber Familien- und Standardzimmer sowie behindertengerechte Zimmer.\" \/>\n<meta name=\"robots\" content=\"index, follow, max-snippet:-1, max-image-preview:large, max-video-preview:-1\" \/>\n<link rel=\"canonical\" href=\"https:\/\/hotelcesaraugustus.augustushotels.es\/de\/zimmer\/\" \/>\n<meta property=\"og:locale\" content=\"de_DE\" \/>\n<meta property=\"og:type\" content=\"article\" \/>\n<meta property=\"og:title\" content=\"Zimmer | Hotel C\u00e9sar Augustus\" \/>\n<meta property=\"og:description\" content=\"Entdecken Sie die Zimmer des Hotels C\u00e9sar Augustus in Cambrils. Wir verf\u00fcgen \u00fcber Familien- und Standardzimmer sowie behindertengerechte Zimmer.\" \/>\n<meta property=\"og:url\" content=\"https:\/\/hotelcesaraugustus.augustushotels.es\/de\/zimmer\/\" \/>\n<meta property=\"og:site_name\" content=\"Hotel C\u00e9sar Augustus\" \/>\n<meta property=\"article:modified_time\" content=\"2026-02-26T13:35:17+00:00\" \/>\n<meta name=\"twitter:card\" content=\"summary_large_image\" \/>\n<script type=\"application\/ld+json\" class=\"yoast-schema-graph\">{\"@context\":\"https:\\\/\\\/schema.org\",\"@graph\":[{\"@type\":\"WebPage\",\"@id\":\"https:\\\/\\\/hotelcesaraugustus.augustushotels.es\\\/de\\\/zimmer\\\/\",\"url\":\"https:\\\/\\\/hotelcesaraugustus.augustushotels.es\\\/de\\\/zimmer\\\/\",\"name\":\"Zimmer | Hotel C\u00e9sar Augustus\",\"isPartOf\":{\"@id\":\"https:\\\/\\\/hotelcesaraugustus.augustushotels.es\\\/de\\\/#website\"},\"datePublished\":\"2026-01-12T12:04:48+00:00\",\"dateModified\":\"2026-02-26T13:35:17+00:00\",\"description\":\"Entdecken Sie die Zimmer des Hotels C\u00e9sar Augustus in Cambrils. Wir verf\u00fcgen \u00fcber Familien- und Standardzimmer sowie behindertengerechte Zimmer.\",\"breadcrumb\":{\"@id\":\"https:\\\/\\\/hotelcesaraugustus.augustushotels.es\\\/de\\\/zimmer\\\/#breadcrumb\"},\"inLanguage\":\"de\",\"potentialAction\":[{\"@type\":\"ReadAction\",\"target\":[\"https:\\\/\\\/hotelcesaraugustus.augustushotels.es\\\/de\\\/zimmer\\\/\"]}]},{\"@type\":\"BreadcrumbList\",\"@id\":\"https:\\\/\\\/hotelcesaraugustus.augustushotels.es\\\/de\\\/zimmer\\\/#breadcrumb\",\"itemListElement\":[{\"@type\":\"ListItem\",\"position\":1,\"name\":\"Portada\",\"item\":\"https:\\\/\\\/hotelcesaraugustus.augustushotels.es\\\/de\\\/\"},{\"@type\":\"ListItem\",\"position\":2,\"name\":\"Zimmer\"}]},{\"@type\":\"WebSite\",\"@id\":\"https:\\\/\\\/hotelcesaraugustus.augustushotels.es\\\/de\\\/#website\",\"url\":\"https:\\\/\\\/hotelcesaraugustus.augustushotels.es\\\/de\\\/\",\"name\":\"Hotel C\u00e9sar Augustus\",\"description\":\"Hotel en Cambrils cerca de la playa.\",\"potentialAction\":[{\"@type\":\"SearchAction\",\"target\":{\"@type\":\"EntryPoint\",\"urlTemplate\":\"https:\\\/\\\/hotelcesaraugustus.augustushotels.es\\\/de\\\/?s={search_term_string}\"},\"query-input\":{\"@type\":\"PropertyValueSpecification\",\"valueRequired\":true,\"valueName\":\"search_term_string\"}}],\"inLanguage\":\"de\"}]}<\/script>\n<!-- \/ Yoast SEO plugin. -->","yoast_head_json":{"title":"Zimmer | Hotel C\u00e9sar Augustus","description":"Entdecken Sie die Zimmer des Hotels C\u00e9sar Augustus in Cambrils. Wir verf\u00fcgen \u00fcber Familien- und Standardzimmer sowie behindertengerechte Zimmer.","robots":{"index":"index","follow":"follow","max-snippet":"max-snippet:-1","max-image-preview":"max-image-preview:large","max-video-preview":"max-video-preview:-1"},"canonical":"https:\/\/hotelcesaraugustus.augustushotels.es\/de\/zimmer\/","og_locale":"de_DE","og_type":"article","og_title":"Zimmer | Hotel C\u00e9sar Augustus","og_description":"Entdecken Sie die Zimmer des Hotels C\u00e9sar Augustus in Cambrils. Wir verf\u00fcgen \u00fcber Familien- und Standardzimmer sowie behindertengerechte Zimmer.","og_url":"https:\/\/hotelcesaraugustus.augustushotels.es\/de\/zimmer\/","og_site_name":"Hotel C\u00e9sar Augustus","article_modified_time":"2026-02-26T13:35:17+00:00","twitter_card":"summary_large_image","schema":{"@context":"https:\/\/schema.org","@graph":[{"@type":"WebPage","@id":"https:\/\/hotelcesaraugustus.augustushotels.es\/de\/zimmer\/","url":"https:\/\/hotelcesaraugustus.augustushotels.es\/de\/zimmer\/","name":"Zimmer | Hotel C\u00e9sar Augustus","isPartOf":{"@id":"https:\/\/hotelcesaraugustus.augustushotels.es\/de\/#website"},"datePublished":"2026-01-12T12:04:48+00:00","dateModified":"2026-02-26T13:35:17+00:00","description":"Entdecken Sie die Zimmer des Hotels C\u00e9sar Augustus in Cambrils. Wir verf\u00fcgen \u00fcber Familien- und Standardzimmer sowie behindertengerechte Zimmer.","breadcrumb":{"@id":"https:\/\/hotelcesaraugustus.augustushotels.es\/de\/zimmer\/#breadcrumb"},"inLanguage":"de","potentialAction":[{"@type":"ReadAction","target":["https:\/\/hotelcesaraugustus.augustushotels.es\/de\/zimmer\/"]}]},{"@type":"BreadcrumbList","@id":"https:\/\/hotelcesaraugustus.augustushotels.es\/de\/zimmer\/#breadcrumb","itemListElement":[{"@type":"ListItem","position":1,"name":"Portada","item":"https:\/\/hotelcesaraugustus.augustushotels.es\/de\/"},{"@type":"ListItem","position":2,"name":"Zimmer"}]},{"@type":"WebSite","@id":"https:\/\/hotelcesaraugustus.augustushotels.es\/de\/#website","url":"https:\/\/hotelcesaraugustus.augustushotels.es\/de\/","name":"Hotel C\u00e9sar Augustus","description":"Hotel en Cambrils cerca de la playa.","potentialAction":[{"@type":"SearchAction","target":{"@type":"EntryPoint","urlTemplate":"https:\/\/hotelcesaraugustus.augustushotels.es\/de\/?s={search_term_string}"},"query-input":{"@type":"PropertyValueSpecification","valueRequired":true,"valueName":"search_term_string"}}],"inLanguage":"de"}]}},"_links":{"self":[{"href":"https:\/\/hotelcesaraugustus.augustushotels.es\/de\/wp-json\/wp\/v2\/pages\/20907","targetHints":{"allow":["GET"]}}],"collection":[{"href":"https:\/\/hotelcesaraugustus.augustushotels.es\/de\/wp-json\/wp\/v2\/pages"}],"about":[{"href":"https:\/\/hotelcesaraugustus.augustushotels.es\/de\/wp-json\/wp\/v2\/types\/page"}],"author":[{"embeddable":true,"href":"https:\/\/hotelcesaraugustus.augustushotels.es\/de\/wp-json\/wp\/v2\/users\/1"}],"replies":[{"embeddable":true,"href":"https:\/\/hotelcesaraugustus.augustushotels.es\/de\/wp-json\/wp\/v2\/comments?post=20907"}],"version-history":[{"count":1,"href":"https:\/\/hotelcesaraugustus.augustushotels.es\/de\/wp-json\/wp\/v2\/pages\/20907\/revisions"}],"predecessor-version":[{"id":20908,"href":"https:\/\/hotelcesaraugustus.augustushotels.es\/de\/wp-json\/wp\/v2\/pages\/20907\/revisions\/20908"}],"wp:attachment":[{"href":"https:\/\/hotelcesaraugustus.augustushotels.es\/de\/wp-json\/wp\/v2\/media?parent=20907"}],"curies":[{"name":"wp","href":"https:\/\/api.w.org\/{rel}","templated":true}]}}